{"id":152,"date":"2021-06-29T04:50:32","date_gmt":"2021-06-29T04:50:32","guid":{"rendered":"https:\/\/demo.couponthemes.net\/wp-coupon-pro\/?page_id=3"},"modified":"2024-02-12T16:30:17","modified_gmt":"2024-02-12T16:30:17","slug":"privacy-policy","status":"publish","type":"page","link":"https:\/\/qualifiedcoupons.com\/de\/privacy-policy\/","title":{"rendered":"Datenschutzrichtlinie"},"content":{"rendered":"\r\n<h2 class=\"wp-block-heading\">Informationen, die wir m\u00f6glicherweise \u00fcber Sie sammeln<\/h2>\r\n\r\n\r\n\r\n<p>Im Folgenden finden Sie ein Beispiel f\u00fcr die Art der Daten, die wir m\u00f6glicherweise \u00fcber Sie sammeln:<\/p>\r\n<p>Informationen, die Sie durch das Ausf\u00fcllen von Formularen auf unserer Website www.qualifiedcoupons.com bereitgestellt haben. Hierzu z\u00e4hlen auch die Angaben, die Sie im Rahmen der Anmeldung zu unseren Newslettern und Diensten gemacht haben. Wir k\u00f6nnen Sie auch um weitere Informationen bitten, wenn Sie uns kontaktieren, um ein Problem mit der Website zu melden.<br \/>Wir k\u00f6nnen die Korrespondenz zwischen uns protokollieren.<br \/>Wenn Sie auf unserer Website an einem Wettbewerb teilnehmen, bewahren wir eine Kopie aller Daten auf, die Sie uns \u00fcbermitteln.<br \/>M\u00f6glicherweise bitten wir Sie, an Umfragen teilzunehmen, die wir dann f\u00fcr Forschungszwecke nutzen \u2013 die Teilnahme an den Umfragen ist optional.<br \/>Es werden Aufzeichnungen \u00fcber die Details Ihrer Besuche auf unserer Website und\/oder unserer mobilen App gespeichert, einschlie\u00dflich, aber nicht beschr\u00e4nkt auf Verkehrsdaten, Standortdaten und andere Kommunikationsdaten und Ressourcen, auf die Sie zugreifen.<br \/>\u00d6ffentliche (nicht registrierte) Benutzer<br \/>Wir erfassen keine Daten von \u00f6ffentlichen Nutzern unserer Websites, mit Ausnahme Ihrer IP-Adresse und Sitzungsdetails, wie z. B. die von Ihnen aufgerufenen Seiten und den von Ihnen verwendeten Browsertyp. Diese Informationen werden automatisch vom Webserver erfasst und zur Bewertung der Nutzung und Leistung des Netzwerks verwendet.<\/p>\r\n\r\n\r\n\r\n<h2 class=\"wp-block-heading\">IP-Adressen und Cookies<\/h2>\r\n\r\n\r\n\r\n<p>Es k\u00f6nnen Informationen \u00fcber Ihren Computer\/Mobilger\u00e4t erfasst werden, einschlie\u00dflich, sofern verf\u00fcgbar, Ihrer IP-Adresse, Ihres Betriebssystems und Ihres Browsertyps. Diese Informationen werden f\u00fcr die Systemverwaltung im Hinblick auf die Browsing-Aktionen und -Muster der Benutzer verwendet.<\/p>\r\n\r\n\r\n\r\n<p>Wir k\u00f6nnen auch Informationen \u00fcber Ihre Nutzung unserer Website erhalten, indem wir eine Cookie-Datei verwenden.<\/p>\r\n\r\n\r\n\r\n<h2 class=\"wp-block-heading\">Cookies erm\u00f6glichen uns:<\/h2>\r\n\r\n\r\n\r\n<p>Um Informationen \u00fcber Ihre Pr\u00e4ferenzen zu speichern, damit wir unsere Website Ihren Interessen entsprechend anpassen k\u00f6nnen.<br \/>Sch\u00e4tzen Sie die Gr\u00f6\u00dfe unserer Zielgruppe und deren Nutzungsmuster.<br \/>Der Einsatz von Cookies kann dazu beitragen, Ihre Suche zu beschleunigen.<br \/>Die Verwendung von Cookies erm\u00f6glicht es uns, Sie wiederzuerkennen, wenn Sie zu unseren Websites oder unserer mobilen App zur\u00fcckkehren<br \/>Wie wir die Informationen verwenden<\/p>\r\n<p>Wir werden die Informationen, die wir \u00fcber Sie haben, auf verschiedene Weise nutzen, unter anderem wie folgt:<\/p>\r\n<p>Um Ihnen Informationen, Produkte und\/oder Dienstleistungen bereitstellen zu k\u00f6nnen, die Sie von uns anfordern oder von denen wir glauben, dass sie aufgrund Ihrer Browsing-Aktionen f\u00fcr Sie von Interesse sein k\u00f6nnten, und wenn Sie der Kontaktaufnahme zu diesen Zwecken zugestimmt haben.<br \/>Um sicherzustellen, dass die auf unserer Website pr\u00e4sentierten Inhalte f\u00fcr Sie, Ihren Computer und\/oder Ihr Mobilger\u00e4t so effektiv wie m\u00f6glich sind.<br \/>Um Ihnen die Teilnahme an allen interaktiven Funktionen unserer Website zu erm\u00f6glichen.<br \/>Um Sie \u00fcber \u00c4nderungen an unserem Service und deren Auswirkungen auf Sie zu informieren.<br \/>Zur Erf\u00fcllung unserer Verpflichtungen aus etwaigen Vertr\u00e4gen, die zwischen Ihnen und uns geschlossen wurden.<br \/>Direktmailings<\/p>\r\n<p>Wenn Sie Ihre Daten auf unserer Website oder in der mobilen App registrieren oder sich f\u00fcr unsere Newsletter und Benachrichtigungen anmelden, senden wir Ihnen Informationen \u00fcber unsere Promo-Codes, Angebote und Verk\u00e4ufe sowie alle anderen Produkte und Dienstleistungen, die unserer Meinung nach f\u00fcr Sie von Interesse sein k\u00f6nnten.<\/p>\r\n<p>Sie k\u00f6nnen sich \u00fcber die \u201eAnmeldefelder\u201c auf der Website f\u00fcr den Erhalt unseres Newsletters anmelden. Durch die Angabe Ihrer E-Mail-Adresse erkl\u00e4ren Sie sich damit einverstanden, regelm\u00e4\u00dfig Newsletter-E-Mails von Qualified Coupons.com zu erhalten<\/p>\r\n<p>If you no longer wish to receive email newsletters you can unsubscribe at any time by clicking the \u201cUnsubscribe\u201d link within the newsletter.<\/p>\r\n<p>&nbsp;<\/p>\r\n\r\n\r\n\r\n<h2 class=\"wp-block-heading\">Wo wir die Informationen speichern<\/h2>\r\n\r\n\r\n\r\n\r\n\r\n<p>Alle Informationen, die wir \u00fcber Sie haben, werden sicher auf den Computersystemen von Qualified Coupons gespeichert.<\/p>\r\n\r\n\r\n\r\n\r\n\r\n<h2 class=\"wp-block-heading\">Offenlegung Ihrer Informationen<\/h2>\r\n\r\n\r\n\r\n\r\n\r\n<p>Wir geben die Informationen, die wir \u00fcber Sie haben, nicht an externe Unternehmen weiter. Im Hinblick auf unsere Nutzung von Affiliate-Partnerschaften geben wir Ihre personenbezogenen Daten m\u00f6glicherweise weiter, jedoch nur in dem Umfang, in dem Sie einen vom Affiliate angebotenen Gutschein eingel\u00f6st oder an einem Angebot, Wettbewerb oder einer anderen Aktivit\u00e4t teilgenommen haben, die \u00fcber unsere Website gesponsert oder angeboten wurde im Namen des Partners.<\/p>\r\n<p>Wir k\u00f6nnen Ihre Daten an unsere Dienstleister weitergeben, die wir im Zusammenhang mit der Zahlungsabwicklung usw. einsetzen. Unsere Dienstleister sind gesetzlich verpflichtet, personenbezogene Daten zu sch\u00fctzen und d\u00fcrfen die Informationen nur im Zusammenhang mit unserem Dienstleistungsvertrag mit ihnen verwenden.<\/p>\r\n\r\n\r\n\r\n<h2 class=\"wp-block-heading\">Andere Umst\u00e4nde, unter denen Ihre Daten offengelegt werden k\u00f6nnen:<\/h2>\r\n\r\n\r\n\r\n<p>F\u00fcr den Fall, dass wir das Unternehmen oder einen Teil seiner Verm\u00f6genswerte kaufen\/verkaufen \u2013 in diesem Fall k\u00f6nnen wir Ihre Daten an den K\u00e4ufer\/Verk\u00e4ufer weitergeben<br \/>Wenn das Unternehmen von einem Dritten \u00fcbernommen wird, werden alle vom Unternehmen gespeicherten personenbezogenen Daten als Teil seines Verm\u00f6gens \u00fcbertragen<br \/>Wenn wir gesetzlich verpflichtet sind, Ihre personenbezogenen Daten offenzulegen, um die Rechte, das Eigentum und\/oder die Sicherheit von Qualified Coupons, unseren Kunden und anderen zu sch\u00fctzen.<\/p>\r\n<p>Wir d\u00fcrfen personenbezogene Daten im Rahmen von Werbeaktivit\u00e4ten nur dann weitergeben, wenn Sie die spezifischen Gesch\u00e4ftsbedingungen f\u00fcr die besagte Werbeaktion \u00fcbermittelt und ihnen zugestimmt haben.<br \/>Websites Dritter<\/p>\r\n<p>Qualified Coupons bietet auf unserer gesamten Website Links zu den Websites unserer Einzelhandelspartner. Diese sind ein integraler Bestandteil unserer eigenen Website-Funktionalit\u00e4t. Sie sollten sich jedoch dar\u00fcber im Klaren sein, dass die auf diesen Websites Dritter bereitgestellten Inhalte oder Informationen nicht in der Verantwortung von Qualified Coupons liegen und nicht durch diese Datenschutzrichtlinie abgedeckt sind. Diese Websites haben ihre eigenen Datenschutzrichtlinien und wir \u00fcbernehmen keine Verantwortung oder Haftung f\u00fcr diese Richtlinien.<\/p>\r\n\r\n\r\n\r\n<h2 class=\"wp-block-heading\">\u00c4nderungen unserer Datenschutzrichtlinie<\/h2>\r\n\r\n\r\n\r\n\r\n\r\n<p>Qualified Coupons beh\u00e4lt sich das Recht vor, diese Richtlinie aus beliebigem Grund zu \u00e4ndern und zu erg\u00e4nzen. Alle \u00c4nderungen, die wir in Zukunft an unseren Richtlinien vornehmen, werden auf dieser Seite ver\u00f6ffentlicht.<\/p>\r\n\r\n\r\n\r\n<p>&nbsp;<\/p>\r\n","protected":false},"excerpt":{"rendered":"<p>Informationen, die wir m\u00f6glicherweise \u00fcber Sie sammeln Im Folgenden finden Sie ein Beispiel f\u00fcr die Art der Daten, die wir m\u00f6glicherweise \u00fcber Sie sammeln: Informationen, die Sie durch das Ausf\u00fcllen von Formularen auf unserer Website www.qualifiedcoupons.com bereitgestellt haben. Hierzu z\u00e4hlen auch die Angaben, die Sie im Rahmen der Anmeldung zu unseren Newslettern und Diensten gemacht [&hellip;]<\/p>\n","protected":false},"author":1,"featured_media":0,"parent":0,"menu_order":0,"comment_status":"closed","ping_status":"closed","template":"","meta":{"footnotes":""},"class_list":["post-152","page","type-page","status-publish","hentry"],"yoast_head":"<!-- This site is optimized with the Yoast SEO plugin v27.4 - https:\/\/yoast.com\/product\/yoast-seo-wordpress\/ -->\n<title>Datenschutzrichtlinie - qualifiedcoupons.com-de<\/title>\n<meta name=\"robots\" content=\"index, follow, max-snippet:-1, max-image-preview:large, max-video-preview:-1\" \/>\n<link rel=\"canonical\" href=\"https:\/\/qualifiedcoupons.com\/de\/privacy-policy\/\" \/>\n<meta property=\"og:locale\" content=\"en_US\" \/>\n<meta property=\"og:type\" content=\"article\" \/>\n<meta property=\"og:title\" content=\"Datenschutzrichtlinie - qualifiedcoupons.com-de\" \/>\n<meta property=\"og:description\" content=\"Informationen, die wir m\u00f6glicherweise \u00fcber Sie sammeln Im Folgenden finden Sie ein Beispiel f\u00fcr die Art der Daten, die wir m\u00f6glicherweise \u00fcber Sie sammeln: Informationen, die Sie durch das Ausf\u00fcllen von Formularen auf unserer Website www.qualifiedcoupons.com bereitgestellt haben. Hierzu z\u00e4hlen auch die Angaben, die Sie im Rahmen der Anmeldung zu unseren Newslettern und Diensten gemacht [&hellip;]\" \/>\n<meta property=\"og:url\" content=\"https:\/\/qualifiedcoupons.com\/de\/privacy-policy\/\" \/>\n<meta property=\"og:site_name\" content=\"qualifiedcoupons.com-de\" \/>\n<meta property=\"article:modified_time\" content=\"2024-02-12T16:30:17+00:00\" \/>\n<meta name=\"twitter:card\" content=\"summary_large_image\" \/>\n<meta name=\"twitter:label1\" content=\"Est. reading time\" \/>\n\t<meta name=\"twitter:data1\" content=\"4 minutes\" \/>\n<script type=\"application\/ld+json\" class=\"yoast-schema-graph\">{\"@context\":\"https:\\\/\\\/schema.org\",\"@graph\":[{\"@type\":\"WebPage\",\"@id\":\"https:\\\/\\\/qualifiedcoupons.com\\\/de\\\/privacy-policy\\\/\",\"url\":\"https:\\\/\\\/qualifiedcoupons.com\\\/de\\\/privacy-policy\\\/\",\"name\":\"Datenschutzrichtlinie - qualifiedcoupons.com-de\",\"isPartOf\":{\"@id\":\"https:\\\/\\\/qualifiedcoupons.com\\\/de\\\/#website\"},\"datePublished\":\"2021-06-29T04:50:32+00:00\",\"dateModified\":\"2024-02-12T16:30:17+00:00\",\"breadcrumb\":{\"@id\":\"https:\\\/\\\/qualifiedcoupons.com\\\/de\\\/privacy-policy\\\/#breadcrumb\"},\"inLanguage\":\"en-US\",\"potentialAction\":[{\"@type\":\"ReadAction\",\"target\":[\"https:\\\/\\\/qualifiedcoupons.com\\\/de\\\/privacy-policy\\\/\"]}]},{\"@type\":\"BreadcrumbList\",\"@id\":\"https:\\\/\\\/qualifiedcoupons.com\\\/de\\\/privacy-policy\\\/#breadcrumb\",\"itemListElement\":[{\"@type\":\"ListItem\",\"position\":1,\"name\":\"Home\",\"item\":\"https:\\\/\\\/qualifiedcoupons.com\\\/de\\\/\"},{\"@type\":\"ListItem\",\"position\":2,\"name\":\"Datenschutzrichtlinie\"}]},{\"@type\":\"WebSite\",\"@id\":\"https:\\\/\\\/qualifiedcoupons.com\\\/de\\\/#website\",\"url\":\"https:\\\/\\\/qualifiedcoupons.com\\\/de\\\/\",\"name\":\"qualifiedcoupons.com-de\",\"description\":\"\",\"potentialAction\":[{\"@type\":\"SearchAction\",\"target\":{\"@type\":\"EntryPoint\",\"urlTemplate\":\"https:\\\/\\\/qualifiedcoupons.com\\\/de\\\/?s={search_term_string}\"},\"query-input\":{\"@type\":\"PropertyValueSpecification\",\"valueRequired\":true,\"valueName\":\"search_term_string\"}}],\"inLanguage\":\"en-US\"}]}<\/script>\n<!-- \/ Yoast SEO plugin. -->","yoast_head_json":{"title":"Datenschutzrichtlinie - qualifiedcoupons.com-de","robots":{"index":"index","follow":"follow","max-snippet":"max-snippet:-1","max-image-preview":"max-image-preview:large","max-video-preview":"max-video-preview:-1"},"canonical":"https:\/\/qualifiedcoupons.com\/de\/privacy-policy\/","og_locale":"en_US","og_type":"article","og_title":"Datenschutzrichtlinie - qualifiedcoupons.com-de","og_description":"Informationen, die wir m\u00f6glicherweise \u00fcber Sie sammeln Im Folgenden finden Sie ein Beispiel f\u00fcr die Art der Daten, die wir m\u00f6glicherweise \u00fcber Sie sammeln: Informationen, die Sie durch das Ausf\u00fcllen von Formularen auf unserer Website www.qualifiedcoupons.com bereitgestellt haben. Hierzu z\u00e4hlen auch die Angaben, die Sie im Rahmen der Anmeldung zu unseren Newslettern und Diensten gemacht [&hellip;]","og_url":"https:\/\/qualifiedcoupons.com\/de\/privacy-policy\/","og_site_name":"qualifiedcoupons.com-de","article_modified_time":"2024-02-12T16:30:17+00:00","twitter_card":"summary_large_image","twitter_misc":{"Est. reading time":"4 minutes"},"schema":{"@context":"https:\/\/schema.org","@graph":[{"@type":"WebPage","@id":"https:\/\/qualifiedcoupons.com\/de\/privacy-policy\/","url":"https:\/\/qualifiedcoupons.com\/de\/privacy-policy\/","name":"Datenschutzrichtlinie - qualifiedcoupons.com-de","isPartOf":{"@id":"https:\/\/qualifiedcoupons.com\/de\/#website"},"datePublished":"2021-06-29T04:50:32+00:00","dateModified":"2024-02-12T16:30:17+00:00","breadcrumb":{"@id":"https:\/\/qualifiedcoupons.com\/de\/privacy-policy\/#breadcrumb"},"inLanguage":"en-US","potentialAction":[{"@type":"ReadAction","target":["https:\/\/qualifiedcoupons.com\/de\/privacy-policy\/"]}]},{"@type":"BreadcrumbList","@id":"https:\/\/qualifiedcoupons.com\/de\/privacy-policy\/#breadcrumb","itemListElement":[{"@type":"ListItem","position":1,"name":"Home","item":"https:\/\/qualifiedcoupons.com\/de\/"},{"@type":"ListItem","position":2,"name":"Datenschutzrichtlinie"}]},{"@type":"WebSite","@id":"https:\/\/qualifiedcoupons.com\/de\/#website","url":"https:\/\/qualifiedcoupons.com\/de\/","name":"qualifiedcoupons.com-de","description":"","potentialAction":[{"@type":"SearchAction","target":{"@type":"EntryPoint","urlTemplate":"https:\/\/qualifiedcoupons.com\/de\/?s={search_term_string}"},"query-input":{"@type":"PropertyValueSpecification","valueRequired":true,"valueName":"search_term_string"}}],"inLanguage":"en-US"}]}},"_links":{"self":[{"href":"https:\/\/qualifiedcoupons.com\/de\/wp-json\/wp\/v2\/pages\/152","targetHints":{"allow":["GET"]}}],"collection":[{"href":"https:\/\/qualifiedcoupons.com\/de\/wp-json\/wp\/v2\/pages"}],"about":[{"href":"https:\/\/qualifiedcoupons.com\/de\/wp-json\/wp\/v2\/types\/page"}],"author":[{"embeddable":true,"href":"https:\/\/qualifiedcoupons.com\/de\/wp-json\/wp\/v2\/users\/1"}],"replies":[{"embeddable":true,"href":"https:\/\/qualifiedcoupons.com\/de\/wp-json\/wp\/v2\/comments?post=152"}],"version-history":[{"count":2,"href":"https:\/\/qualifiedcoupons.com\/de\/wp-json\/wp\/v2\/pages\/152\/revisions"}],"predecessor-version":[{"id":278,"href":"https:\/\/qualifiedcoupons.com\/de\/wp-json\/wp\/v2\/pages\/152\/revisions\/278"}],"wp:attachment":[{"href":"https:\/\/qualifiedcoupons.com\/de\/wp-json\/wp\/v2\/media?parent=152"}],"curies":[{"name":"wp","href":"https:\/\/api.w.org\/{rel}","templated":true}]}}